{"id":7,"date":"2018-09-03T15:13:24","date_gmt":"2018-09-03T15:13:24","guid":{"rendered":"http:\/\/c3.usac.edu.gt\/jardininfantil.usac.edu.gt\/public_html\/?page_id=7"},"modified":"2025-05-30T19:13:16","modified_gmt":"2025-05-30T19:13:16","slug":"inicio","status":"publish","type":"page","link":"https:\/\/jardininfantil.usac.edu.gt\/","title":{"rendered":"Inicio"},"content":{"rendered":"\n<h2 class=\"wp-block-heading\">\u00bfQui\u00e9nes somos?<\/h2>\n\n\n\n<p>Jard\u00edn Infantil USAC y Colegio Rey Carlos II es una instituci\u00f3n al servicio de la Comunidad Universitaria, espec\u00edficamente para hijos de estudiantes y trabajadores de la Universidad de San Carlos de Guatemala, durante su jornada de estudio o trabajo. Se atiende desde la temprana edad hasta culminar la etapa Pre-escolar brindando cuidado, protecci\u00f3n, estimulaci\u00f3n temprana, educaci\u00f3n preescolar, velando por la salud y el estado socioemocional de los ni\u00f1os.<\/p>\n\n\n\n<p><\/p>\n\n\n\n<div class=\"wp-block-columns alignfull is-layout-flex wp-container-core-columns-is-layout-9d6595d7 wp-block-columns-is-layout-flex\">\n<div class=\"wp-block-column has-vivid-purple-background-color has-background is-layout-flow wp-block-column-is-layout-flow\">\n<h1 class=\"wp-block-heading has-text-align-center has-white-color has-text-color\">Conoce Nuestras Cl\u00ednicas<\/h1>\n\n\n\n<div class=\"wp-block-columns is-layout-flex wp-container-core-columns-is-layout-9d6595d7 wp-block-columns-is-layout-flex\">\n<div class=\"wp-block-column is-layout-flow wp-block-column-is-layout-flow\"><\/div>\n\n\n\n<div class=\"wp-block-column is-layout-flow wp-block-column-is-layout-flow\"><div class=\"wp-block-image\">\n<figure class=\"aligncenter size-medium is-resized\"><img loading=\"lazy\" decoding=\"async\" width=\"300\" height=\"300\" src=\"https:\/\/jardininfantil.usac.edu.gt\/wp-content\/uploads\/2022\/05\/bannerwebjardin2022-03-300x300.png\" alt=\"\" class=\"wp-image-989\" style=\"width:150px;height:150px\" srcset=\"https:\/\/jardininfantil.usac.edu.gt\/wp-content\/uploads\/2022\/05\/bannerwebjardin2022-03-300x300.png 300w, https:\/\/jardininfantil.usac.edu.gt\/wp-content\/uploads\/2022\/05\/bannerwebjardin2022-03-150x150.png 150w, https:\/\/jardininfantil.usac.edu.gt\/wp-content\/uploads\/2022\/05\/bannerwebjardin2022-03-768x768.png 768w, https:\/\/jardininfantil.usac.edu.gt\/wp-content\/uploads\/2022\/05\/bannerwebjardin2022-03-510x510.png 510w, https:\/\/jardininfantil.usac.edu.gt\/wp-content\/uploads\/2022\/05\/bannerwebjardin2022-03.png 834w\" sizes=\"auto, (max-width: 300px) 100vw, 300px\" \/><\/figure><\/div>\n\n\n<h4 class=\"wp-block-heading has-text-align-center has-white-color has-text-color\">\u00c1rea M\u00e9dica<\/h4>\n<\/div>\n\n\n\n<div class=\"wp-block-column is-layout-flow wp-block-column-is-layout-flow\"><div class=\"wp-block-image\">\n<figure class=\"aligncenter size-medium is-resized\"><a href=\"https:\/\/jardininfantil.usac.edu.gt\/index.php\/clinica-de-psicologia\/\"><img loading=\"lazy\" decoding=\"async\" width=\"300\" height=\"300\" src=\"https:\/\/jardininfantil.usac.edu.gt\/wp-content\/uploads\/2022\/05\/bannerwebjardin2022-02-300x300.png\" alt=\"\" class=\"wp-image-988\" style=\"width:150px;height:150px\" srcset=\"https:\/\/jardininfantil.usac.edu.gt\/wp-content\/uploads\/2022\/05\/bannerwebjardin2022-02-300x300.png 300w, https:\/\/jardininfantil.usac.edu.gt\/wp-content\/uploads\/2022\/05\/bannerwebjardin2022-02-150x150.png 150w, https:\/\/jardininfantil.usac.edu.gt\/wp-content\/uploads\/2022\/05\/bannerwebjardin2022-02-768x768.png 768w, https:\/\/jardininfantil.usac.edu.gt\/wp-content\/uploads\/2022\/05\/bannerwebjardin2022-02-510x510.png 510w, https:\/\/jardininfantil.usac.edu.gt\/wp-content\/uploads\/2022\/05\/bannerwebjardin2022-02.png 834w\" sizes=\"auto, (max-width: 300px) 100vw, 300px\" \/><\/a><\/figure><\/div>\n\n\n<h4 class=\"wp-block-heading has-text-align-center has-white-color has-text-color\">Cl\u00ednica Psicol\u00f3gica<\/h4>\n<\/div>\n\n\n\n<div class=\"wp-block-column is-layout-flow wp-block-column-is-layout-flow\"><div class=\"wp-block-image\">\n<figure class=\"aligncenter size-full is-resized\"><img loading=\"lazy\" decoding=\"async\" width=\"834\" height=\"834\" src=\"https:\/\/jardininfantil.usac.edu.gt\/wp-content\/uploads\/2022\/05\/bannerwebjardin2022-05.png\" alt=\"\" class=\"wp-image-991\" style=\"width:150px;height:150px\" srcset=\"https:\/\/jardininfantil.usac.edu.gt\/wp-content\/uploads\/2022\/05\/bannerwebjardin2022-05.png 834w, https:\/\/jardininfantil.usac.edu.gt\/wp-content\/uploads\/2022\/05\/bannerwebjardin2022-05-300x300.png 300w, https:\/\/jardininfantil.usac.edu.gt\/wp-content\/uploads\/2022\/05\/bannerwebjardin2022-05-150x150.png 150w, https:\/\/jardininfantil.usac.edu.gt\/wp-content\/uploads\/2022\/05\/bannerwebjardin2022-05-768x768.png 768w, https:\/\/jardininfantil.usac.edu.gt\/wp-content\/uploads\/2022\/05\/bannerwebjardin2022-05-510x510.png 510w\" sizes=\"auto, (max-width: 834px) 100vw, 834px\" \/><\/figure><\/div>\n\n\n<h4 class=\"wp-block-heading has-text-align-center has-white-color has-text-color\">Cl\u00ednica Dental<\/h4>\n<\/div>\n\n\n\n<div class=\"wp-block-column is-layout-flow wp-block-column-is-layout-flow\"><\/div>\n<\/div>\n<\/div>\n<\/div>\n","protected":false},"excerpt":{"rendered":"<p>\u00bfQui\u00e9nes somos? Jard\u00edn Infantil USAC y Colegio Rey Carlos II es una instituci\u00f3n al servicio de la Comunidad Universitaria, espec\u00edficamente para hijos de estudiantes y trabajadores de la Universidad de San Carlos de Guatemala, durante su jornada de estudio o trabajo. Se atiende desde la temprana edad hasta culminar la etapa Pre-escolar brindando cuidado, protecci\u00f3n, [&hellip;]<\/p>\n","protected":false},"author":1,"featured_media":0,"parent":0,"menu_order":1,"comment_status":"closed","ping_status":"closed","template":"","meta":{"footnotes":""},"class_list":["post-7","page","type-page","status-publish","czr-hentry"],"_links":{"self":[{"href":"https:\/\/jardininfantil.usac.edu.gt\/index.php\/wp-json\/wp\/v2\/pages\/7","targetHints":{"allow":["GET"]}}],"collection":[{"href":"https:\/\/jardininfantil.usac.edu.gt\/index.php\/wp-json\/wp\/v2\/pages"}],"about":[{"href":"https:\/\/jardininfantil.usac.edu.gt\/index.php\/wp-json\/wp\/v2\/types\/page"}],"author":[{"embeddable":true,"href":"https:\/\/jardininfantil.usac.edu.gt\/index.php\/wp-json\/wp\/v2\/users\/1"}],"replies":[{"embeddable":true,"href":"https:\/\/jardininfantil.usac.edu.gt\/index.php\/wp-json\/wp\/v2\/comments?post=7"}],"version-history":[{"count":35,"href":"https:\/\/jardininfantil.usac.edu.gt\/index.php\/wp-json\/wp\/v2\/pages\/7\/revisions"}],"predecessor-version":[{"id":1331,"href":"https:\/\/jardininfantil.usac.edu.gt\/index.php\/wp-json\/wp\/v2\/pages\/7\/revisions\/1331"}],"wp:attachment":[{"href":"https:\/\/jardininfantil.usac.edu.gt\/index.php\/wp-json\/wp\/v2\/media?parent=7"}],"curies":[{"name":"wp","href":"https:\/\/api.w.org\/{rel}","templated":true}]}}